{"id":4208,"date":"2022-10-06T16:09:25","date_gmt":"2022-10-06T14:09:25","guid":{"rendered":"https:\/\/www.ceefundraising.org\/?page_id=4208"},"modified":"2024-10-14T23:08:47","modified_gmt":"2024-10-14T21:08:47","slug":"registration","status":"publish","type":"page","link":"https:\/\/www.ceefundraising.org\/registration","title":{"rendered":"Registration"},"content":{"rendered":"<h3>Participation fees<\/h3>\n<p>&nbsp;<\/p>\n<table class=\"fees\">\n<thead>\n<tr>\n<th><strong>Programme<\/strong><\/th>\n<th><strong>Content<\/strong><\/th>\n<th><strong>Regular<\/strong><\/th>\n<th><strong>Member<\/strong><\/th>\n<\/tr>\n<\/thead>\n<tbody>\n<tr>\n<td><span style=\"color: #dc143c;\"><strong>FULL<\/strong><\/span><\/td>\n<td><strong>Masterclass + CEE\u00a0Conference<br \/>\n<\/strong>(16-18 October 2024)<strong><br \/>\n<\/strong><\/td>\n<td style=\"text-align: center;\"><span style=\"color: #dc143c;\"><span style=\"color: #000000;\">439 \u20ac<\/span><br \/>\n<span style=\"color: #000000;\"><del>419 \u20ac*<\/del><\/span><\/span><\/td>\n<td style=\"text-align: center;\">399 \u20ac<\/td>\n<\/tr>\n<tr>\n<td><span style=\"color: #dc143c;\"><strong>CLASSIC<\/strong><\/span><\/td>\n<td><strong>CEE\u00a0Conference<br \/>\n<\/strong>(17-18 October 2024)<strong><br \/>\n<\/strong><\/td>\n<td style=\"text-align: center;\">\u20ac 339<\/td>\n<td style=\"text-align: center;\">299 \u20ac<\/td>\n<\/tr>\n<\/tbody>\n<\/table>\n<p><span style=\"color: #dc143c;\">* Early Bird discount till 30 June 2024<\/span><\/p>\n<p>The fee for all program components includes conference materials (including presentations from the CEE Fundraising Conferences 2017-2019, 2022-2023 in English), as well as coffee and refreshments throughout the conference, lunch, and a party on 17 October.<\/p>\n<p><span style=\"color: #dc143c;\">The number of delegates is limited. Registration runs until 13 October 2024 or until the number of available seats is filled. <span style=\"color: #000000;\">The registration is valid only after the fee has been credited to the account of the organiser before the event(s). Cancellation of participation by a delegate is possible until 15 September 2024, after this date a refund is not possible.<\/span><\/span><\/p>\n<p><span style=\"color: #000000;\">Please be aware that participants will be asked to comply with current Covid regulations valid at the time of the conference. In the case of the cancelled conference received payments will be returned to participants or will be accepted as pre-payments for 2025.<\/span><\/p>\n<p>Want to stay in the AC Hotel during the conference? <a href=\"https:\/\/www.marriott.com\/event-reservations\/reservation-link.mi?id=1704458516996&amp;key=GRP&amp;app=resvlink\" target=\"_blank\" rel=\"noopener\"><strong>Book your accommodation here<\/strong><\/a>.<\/p>\n<h3>Payment details<strong><a href=\"http:\/\/www.eventbrite.com\/e\/central-eastern-european-fundraising-conference-tickets-12167309751\" target=\"_blank\" rel=\"noopener noreferrer\"><br \/>\n<\/a><\/strong><\/h3>\n<ul>\n<li style=\"list-style-type: none;\">\n<ul>\n<li><span style=\"color: #000000; font-size: medium;\"><b>Recipient:\u00a0<\/b><a style=\"font-size: medium;\" href=\"https:\/\/www.fundraising.sk\/en\/contact\" target=\"_blank\" rel=\"noopener noreferrer\">Slovak Fundraising Centre<\/a><\/span><\/li>\n<li><span style=\"color: #000000; font-size: medium;\"><strong>Bank: <\/strong><a href=\"https:\/\/www.tatrabanka.sk\/en\/about-bank\/about-tatra-banka\/#tab-5\" target=\"_blank\" rel=\"noopener noreferrer\">Tatra banka<\/a><\/span><\/li>\n<li><span style=\"color: #000000; font-size: medium;\"><strong>SWIFT:\u00a0<\/strong>TATR SK BX<\/span><\/li>\n<li><span style=\"color: #000000; font-size: medium;\"><strong>Account Number:<\/strong>\u00a02927832354<\/span><\/li>\n<li><span style=\"color: #000000; font-size: medium;\"><strong>IBAN:\u00a0<\/strong>SK35 1100 0000 0029 2783 2354<\/span><\/li>\n<li><span style=\"color: #000000; font-size: medium;\"><strong>Variable Code:<\/strong>\u00a0Identification number of\u00a0<\/span><span style=\"color: #000000; font-size: medium;\">the organization or individual<\/span><\/li>\n<li><span style=\"color: #000000; font-size: medium;\"><strong><strong>Note:<\/strong>\u00a0<\/strong>Please include the name of the participant(s) in the message to the payment recipient for identification purposes.\u00a0<\/span><\/li>\n<li>You may pay with a credit\/debit card via Stripe too. You will be offered this option in your confirmation email.<\/li>\n<li><span style=\"color: #000000; font-size: medium;\"><span style=\"color: #000000; font-size: medium;\">Payment with PayPal is also possible; please get in touch with us <\/span><\/span><span style=\"color: #000000; font-size: medium;\">at info(at)fundraising.sk or call +421 905 477 468.<\/span><\/li>\n<li><span style=\"color: #000000; font-size: medium;\">Proof of payment\/receipt will be handed over to you on the day of the event.<\/span><\/li>\n<\/ul>\n<\/li>\n<\/ul>\n<p>&nbsp;<\/p>\n<p style=\"text-align: center;\"><span style=\"color: #dc143c;\">By submitting the completed form I agree to these terms and confirm my application for participation.<\/span><\/p>\n<h3><\/h3>\n<p>&nbsp;<\/p>\n<h3>Registration form<\/h3>\n<p style=\"text-align: center;\">\n<div class=\"wpcf7 no-js\" id=\"wpcf7-f2263-o1\" lang=\"en-US\" dir=\"ltr\">\n<div class=\"screen-reader-response\"><p role=\"status\" aria-live=\"polite\" aria-atomic=\"true\"><\/p> <ul><\/ul><\/div>\n<form action=\"\/wp-json\/wp\/v2\/pages\/4208#wpcf7-f2263-o1\" method=\"post\" class=\"wpcf7-form init wpcf7-acceptance-as-validation\" aria-label=\"Contact form\" novalidate=\"novalidate\" data-status=\"init\">\n<div style=\"display: none;\">\n<input type=\"hidden\" name=\"_wpcf7\" value=\"2263\" \/>\n<input type=\"hidden\" name=\"_wpcf7_version\" value=\"5.8.3\" \/>\n<input type=\"hidden\" name=\"_wpcf7_locale\" value=\"en_US\" \/>\n<input type=\"hidden\" name=\"_wpcf7_unit_tag\" value=\"wpcf7-f2263-o1\" \/>\n<input type=\"hidden\" name=\"_wpcf7_container_post\" value=\"0\" \/>\n<input type=\"hidden\" name=\"_wpcf7_posted_data_hash\" value=\"\" \/>\n<input type=\"hidden\" name=\"_wpcf7cf_hidden_group_fields\" value=\"[]\" \/>\n<input type=\"hidden\" name=\"_wpcf7cf_hidden_groups\" value=\"[]\" \/>\n<input type=\"hidden\" name=\"_wpcf7cf_visible_groups\" value=\"[]\" \/>\n<input type=\"hidden\" name=\"_wpcf7cf_repeaters\" value=\"[]\" \/>\n<input type=\"hidden\" name=\"_wpcf7cf_steps\" value=\"{}\" \/>\n<input type=\"hidden\" name=\"_wpcf7cf_options\" value=\"{&quot;form_id&quot;:2263,&quot;conditions&quot;:[{&quot;then_field&quot;:&quot;masterclass-group&quot;,&quot;and_rules&quot;:[{&quot;if_field&quot;:&quot;items&quot;,&quot;operator&quot;:&quot;equals&quot;,&quot;if_value&quot;:&quot;MASTERCLASS (Masterclass)&quot;}]},{&quot;then_field&quot;:&quot;masterclass-group&quot;,&quot;and_rules&quot;:[{&quot;if_field&quot;:&quot;items&quot;,&quot;operator&quot;:&quot;equals&quot;,&quot;if_value&quot;:&quot;FULL (Masterclass + CEE Conference)&quot;}]}],&quot;settings&quot;:{&quot;animation&quot;:&quot;yes&quot;,&quot;animation_intime&quot;:200,&quot;animation_outtime&quot;:200,&quot;conditions_ui&quot;:&quot;normal&quot;,&quot;notice_dismissed&quot;:false}}\" \/>\n<input type=\"hidden\" name=\"_wpcf7_recaptcha_response\" value=\"\" \/>\n<\/div>\n<div class=\"block\">\n\t<p>Name (*)<br \/>\n<span class=\"wpcf7-form-control-wrap\" data-name=\"meno\"><input size=\"40\" maxlength=\"40\" class=\"wpcf7-form-control wpcf7-text wpcf7-validates-as-required\" aria-required=\"true\" aria-invalid=\"false\" value=\"\" type=\"text\" name=\"meno\" \/><\/span>\n\t<\/p>\n\t<p>Surname (*)<br \/>\n<span class=\"wpcf7-form-control-wrap\" data-name=\"priezvisko\"><input size=\"40\" maxlength=\"80\" class=\"wpcf7-form-control wpcf7-text wpcf7-validates-as-required\" aria-required=\"true\" aria-invalid=\"false\" value=\"\" type=\"text\" name=\"priezvisko\" \/><\/span>\n\t<\/p>\n\t<p>Organization<br \/>\n<span class=\"wpcf7-form-control-wrap\" data-name=\"organizacia\"><input size=\"40\" maxlength=\"100\" class=\"wpcf7-form-control wpcf7-text\" aria-invalid=\"false\" value=\"\" type=\"text\" name=\"organizacia\" \/><\/span>\n\t<\/p>\n\t<p>Position<br \/>\n<span class=\"wpcf7-form-control-wrap\" data-name=\"pozicia\"><input size=\"40\" maxlength=\"100\" class=\"wpcf7-form-control wpcf7-text\" aria-invalid=\"false\" value=\"\" type=\"text\" name=\"pozicia\" \/><\/span>\n\t<\/p>\n\t<p>Organization Registration No.<br \/>\n<span class=\"wpcf7-form-control-wrap\" data-name=\"ico\"><input size=\"40\" maxlength=\"20\" class=\"wpcf7-form-control wpcf7-text\" aria-invalid=\"false\" value=\"\" type=\"text\" name=\"ico\" \/><\/span>\n\t<\/p>\n\t<p>Organization Tax No.<br \/>\n<span class=\"wpcf7-form-control-wrap\" data-name=\"dic\"><input size=\"40\" maxlength=\"20\" class=\"wpcf7-form-control wpcf7-text\" aria-invalid=\"false\" value=\"\" type=\"text\" name=\"dic\" \/><\/span>\n\t<\/p>\n\t<p>Street, No. (*)<br \/>\n<span class=\"wpcf7-form-control-wrap\" data-name=\"adresa\"><input size=\"40\" maxlength=\"255\" class=\"wpcf7-form-control wpcf7-text wpcf7-validates-as-required\" aria-required=\"true\" aria-invalid=\"false\" value=\"\" type=\"text\" name=\"adresa\" \/><\/span>\n\t<\/p>\n\t<p>City (*)<br \/>\n<span class=\"wpcf7-form-control-wrap\" data-name=\"mesto\"><input size=\"40\" maxlength=\"40\" class=\"wpcf7-form-control wpcf7-text wpcf7-validates-as-required\" aria-required=\"true\" aria-invalid=\"false\" value=\"\" type=\"text\" name=\"mesto\" \/><\/span>\n\t<\/p>\n\t<p>ZIP (*)<br \/>\n<span class=\"wpcf7-form-control-wrap\" data-name=\"psc\"><input size=\"40\" maxlength=\"20\" class=\"wpcf7-form-control wpcf7-text wpcf7-validates-as-required\" aria-required=\"true\" aria-invalid=\"false\" value=\"\" type=\"text\" name=\"psc\" \/><\/span>\n\t<\/p>\n\t<p>Country (*)<br \/>\n<span class=\"wpcf7-form-control-wrap\" data-name=\"krajina\"><input size=\"40\" maxlength=\"80\" class=\"wpcf7-form-control wpcf7-text wpcf7-validates-as-required\" aria-required=\"true\" aria-invalid=\"false\" value=\"\" type=\"text\" name=\"krajina\" \/><\/span>\n\t<\/p>\n\t<p>Telephone (*)<br \/>\n<span class=\"wpcf7-form-control-wrap\" data-name=\"telefon\"><input size=\"40\" maxlength=\"40\" class=\"wpcf7-form-control wpcf7-tel wpcf7-validates-as-required wpcf7-text wpcf7-validates-as-tel\" aria-required=\"true\" aria-invalid=\"false\" value=\"\" type=\"tel\" name=\"telefon\" \/><\/span>\n\t<\/p>\n\t<p>E-mail (*)<br \/>\n<span class=\"wpcf7-form-control-wrap\" data-name=\"email\"><input size=\"40\" maxlength=\"80\" class=\"wpcf7-form-control wpcf7-email wpcf7-validates-as-required wpcf7-text wpcf7-validates-as-email\" aria-required=\"true\" aria-invalid=\"false\" value=\"\" type=\"email\" name=\"email\" \/><\/span>\n\t<\/p>\n\t<p>Web<br \/>\n<span class=\"wpcf7-form-control-wrap\" data-name=\"web\"><input size=\"40\" maxlength=\"100\" class=\"wpcf7-form-control wpcf7-text\" aria-invalid=\"false\" value=\"\" type=\"text\" name=\"web\" \/><\/span>\n\t<\/p>\n<\/div>\n<hr \/>\n<h3>Programme\n<\/h3>\n<p>I want to participate in this programme:<br \/>\n<span class=\"wpcf7-form-control-wrap\" data-name=\"items\"><span class=\"wpcf7-form-control wpcf7-radio\" id=\"items\"><span class=\"wpcf7-list-item first\"><label><input type=\"radio\" name=\"items\" value=\"FULL (Masterclass + CEE Conference)\" \/><span class=\"wpcf7-list-item-label\">FULL (Masterclass + CEE Conference)<\/span><\/label><\/span><span class=\"wpcf7-list-item last\"><label><input type=\"radio\" name=\"items\" value=\"CLASSIC (CEE Conference)\" \/><span class=\"wpcf7-list-item-label\">CLASSIC (CEE Conference)<\/span><\/label><\/span><\/span><\/span>\n<\/p>\n<div data-id=\"masterclass-group\" data-orig_data_id=\"masterclass-group\"  data-class=\"wpcf7cf_group\">\n\t<p>I will participate in this Masterclass:<br \/>\n<span class=\"wpcf7-form-control-wrap\" data-name=\"masterclass\"><select class=\"wpcf7-form-control wpcf7-select\" id=\"masterclass\" aria-invalid=\"false\" name=\"masterclass\"><option value=\"Masterclasses are no more available, please choose CLASSIC program\">Masterclasses are no more available, please choose CLASSIC program<\/option><\/select><\/span>\n\t<\/p>\n<\/div>\n<hr \/>\n<p>I will participate in the party on Thursday (included in the FULL, CLASSIC fees):<br \/>\n<span class=\"wpcf7-form-control-wrap\" data-name=\"raut\"><span class=\"wpcf7-form-control wpcf7-radio\" id=\"raut\"><span class=\"wpcf7-list-item first\"><label><input type=\"radio\" name=\"raut\" value=\"Yes\" checked=\"checked\" \/><span class=\"wpcf7-list-item-label\">Yes<\/span><\/label><\/span><span class=\"wpcf7-list-item last\"><label><input type=\"radio\" name=\"raut\" value=\"No\" \/><span class=\"wpcf7-list-item-label\">No<\/span><\/label><\/span><\/span><\/span>\n<\/p>\n<hr \/>\n<p>Special dietary requirements:<br \/>\n<span class=\"wpcf7-form-control-wrap\" data-name=\"strava\"><span class=\"wpcf7-form-control wpcf7-radio\" id=\"strava\"><span class=\"wpcf7-list-item first\"><label><input type=\"radio\" name=\"strava\" value=\"Vegetarian food\" \/><span class=\"wpcf7-list-item-label\">Vegetarian food<\/span><\/label><\/span><span class=\"wpcf7-list-item\"><label><input type=\"radio\" name=\"strava\" value=\"Vegan food\" \/><span class=\"wpcf7-list-item-label\">Vegan food<\/span><\/label><\/span><span class=\"wpcf7-list-item\"><label><input type=\"radio\" name=\"strava\" value=\"No gluten\" \/><span class=\"wpcf7-list-item-label\">No gluten<\/span><\/label><\/span><span class=\"wpcf7-list-item last\"><label><input type=\"radio\" name=\"strava\" value=\"No special requirements\" checked=\"checked\" \/><span class=\"wpcf7-list-item-label\">No special requirements<\/span><\/label><\/span><\/span><\/span>\n<\/p>\n<hr \/>\n<p>I am a member of my national Fundraising Association (Fundraisers' Club):<br \/>\n<span class=\"wpcf7-form-control-wrap\" data-name=\"clen\"><span class=\"wpcf7-form-control wpcf7-radio\" id=\"clen\"><span class=\"wpcf7-list-item first\"><label><input type=\"radio\" name=\"clen\" value=\"Yes\" \/><span class=\"wpcf7-list-item-label\">Yes<\/span><\/label><\/span><span class=\"wpcf7-list-item last\"><label><input type=\"radio\" name=\"clen\" value=\"No\" checked=\"checked\" \/><span class=\"wpcf7-list-item-label\">No<\/span><\/label><\/span><\/span><\/span>\n<\/p>\n<hr \/>\n<p><strong>Registration code<\/strong>\n<\/p>\n<p><span class=\"wpcf7-form-control-wrap\" data-name=\"discount\"><input size=\"40\" class=\"wpcf7-form-control wpcf7-text\" id=\"discount\" aria-invalid=\"false\" value=\"\" type=\"text\" name=\"discount\" \/><\/span><span id=\"discount-msg\"><\/span><br \/>\n<hr \/>\n<\/p>\n<p><strong>Participation fee<\/strong><br \/>\n<span class=\"wpcf7-form-control-wrap\" data-name=\"poplatok\"><select class=\"wpcf7-form-control wpcf7-select\" id=\"poplatok\" aria-invalid=\"false\" name=\"poplatok\"><option value=\"FULL: 439 EUR\">FULL: 439 EUR<\/option><option value=\"CLASSIC: 339 EUR\">CLASSIC: 339 EUR<\/option><option value=\"FULL (Member): 399 EUR\">FULL (Member): 399 EUR<\/option><option value=\"CLASSIC (Member): 299 EUR\">CLASSIC (Member): 299 EUR<\/option><option value=\"FULL (Early Bird): 419 EUR\">FULL (Early Bird): 419 EUR<\/option><option value=\"FULL (BalticFR): 399 EUR\">FULL (BalticFR): 399 EUR<\/option><option value=\"FULL (KoalaCZ): 379 EUR\">FULL (KoalaCZ): 379 EUR<\/option><option value=\"FULL (NeziskovkyCZ): 0 EUR\">FULL (NeziskovkyCZ): 0 EUR<\/option><option value=\"FULL (TeamSOS): 389 EUR\">FULL (TeamSOS): 389 EUR<\/option><\/select><\/span><br \/>\n<span class=\"wpcf7-form-control-wrap\" data-name=\"stripe\"><select class=\"wpcf7-form-control wpcf7-select\" id=\"stripe\" aria-invalid=\"false\" name=\"stripe\"><option value=\"cN215T0EW0kl98Y288\">cN215T0EW0kl98Y288<\/option><option value=\"00gdSF5Zg5EFad2cMN\">00gdSF5Zg5EFad2cMN<\/option><option value=\"14k4i51J0ebb2KA7su\">14k4i51J0ebb2KA7su<\/option><option value=\"28o7uh0EWd773OE28b\">28o7uh0EWd773OE28b<\/option><option value=\"-\">-<\/option><option value=\"fZe7uh9bs3wx70QeUY\">fZe7uh9bs3wx70QeUY<\/option><option value=\"9AQ15T2N47MN84U005\">9AQ15T2N47MN84U005<\/option><option value=\"eVabKxcnE5EF70Q8wC\">eVabKxcnE5EF70Q8wC<\/option><option value=\"9AQ6qdafw8QReti4gn\">9AQ6qdafw8QReti4gn<\/option><\/select><\/span><br \/>\n<span class=\"wpcf7-form-control-wrap\" data-name=\"cena\"><textarea cols=\"20\" rows=\"1\" class=\"wpcf7-form-control wpcf7-textarea\" id=\"cena\" readonly=\"readonly\" aria-invalid=\"false\" name=\"cena\">Please select a programme<\/textarea><\/span>\n<\/p>\n<hr \/>\n<p>I have learned about the conference through (*):<br \/>\n<span class=\"wpcf7-form-control-wrap\" data-name=\"dozvedel\"><select class=\"wpcf7-form-control wpcf7-select wpcf7-validates-as-required\" id=\"dozvedel\" aria-required=\"true\" aria-invalid=\"false\" multiple=\"multiple\" name=\"dozvedel[]\"><option value=\"fundraising.sk\">fundraising.sk<\/option><option value=\"Fundraising Europe\">Fundraising Europe<\/option><option value=\"Sv\u011bt neziskovek\">Sv\u011bt neziskovek<\/option><option value=\"Koalice Za snadn\u00e9 d\u00e1rcovstv\u00ed\">Koalice Za snadn\u00e9 d\u00e1rcovstv\u00ed<\/option><option value=\"\u010cesk\u00e9 centrum fundraising\">\u010cesk\u00e9 centrum fundraising<\/option><option value=\"ngo.pl\">ngo.pl<\/option><option value=\"Polskie Stowarzyszenie Fundraisingu\">Polskie Stowarzyszenie Fundraisingu<\/option><option value=\"Fundacja Akademia Organizacji Obywatelskich\">Fundacja Akademia Organizacji Obywatelskich<\/option><option value=\"European Fundraising Association\">European Fundraising Association<\/option><option value=\"Facebook\">Facebook<\/option><option value=\"Twitter\">Twitter<\/option><option value=\"LinkedIn\">LinkedIn<\/option><option value=\"Google Ad\">Google Ad<\/option><option value=\"E-mail\">E-mail<\/option><option value=\"Newsletter\">Newsletter<\/option><option value=\"Direct mail\">Direct mail<\/option><option value=\"other means\">other means<\/option><\/select><\/span>\n<\/p>\n<p>Note:<br \/>\n<span class=\"wpcf7-form-control-wrap\" data-name=\"poznamka\"><textarea cols=\"20\" rows=\"3\" maxlength=\"1000\" class=\"wpcf7-form-control wpcf7-textarea\" id=\"poznamka\" aria-invalid=\"false\" name=\"poznamka\"><\/textarea><\/span>\n<\/p>\n<hr \/>\n<p><span class=\"wpcf7-form-control-wrap\" data-name=\"informacie\"><span class=\"wpcf7-form-control wpcf7-checkbox\"><span class=\"wpcf7-list-item first last\"><label><input type=\"checkbox\" name=\"informacie[]\" value=\"I want to receive more information from the Slovak Fundraising Centre by e-mail\/newsletter.\" \/><span class=\"wpcf7-list-item-label\">I want to receive more information from the Slovak Fundraising Centre by e-mail\/newsletter.<\/span><\/label><\/span><\/span><\/span>\n<\/p>\n<p><span class=\"wpcf7-form-control-wrap\" data-name=\"suhlas\"><span class=\"wpcf7-form-control wpcf7-acceptance\"><span class=\"wpcf7-list-item\"><label><input type=\"checkbox\" name=\"suhlas\" value=\"1\" id=\"suhlas\" aria-invalid=\"false\" \/><span class=\"wpcf7-list-item-label\">I agree that my personal data is processed by the Slovak Fundraising Centre under the Act No.18\/2018 of the Code on Personal Data Protection and its <a href=\"https:\/\/www.fundraising.sk\/en\/privacy\/\" target=\"_blank\">Privacy Policy<\/a>.<\/span><\/label><\/span><\/span><\/span>\n<\/p>\n<p><small>You may be photographed or filmed at the event and your image may be used in brochures, emails, press features, social media, videos and websites of the Slovak Fundraising Center. Should you not wish to have your image used, please contact us at info@fundraising.sk.<\/small>\n<\/p>\n<p><span id=\"wpcf7-673ef5796d9e5-wrapper\" class=\"wpcf7-form-control-wrap navnada-wrap\" style=\"display:none !important; visibility:hidden !important;\"><input id=\"wpcf7-673ef5796d9e5-field\"  class=\"wpcf7-form-control wpcf7-text\" type=\"text\" name=\"navnada\" value=\"\" size=\"40\" tabindex=\"-1\" autocomplete=\"new-password\" \/><\/span>\n<\/p>\n<p><input class=\"wpcf7-form-control wpcf7-submit has-spinner\" type=\"submit\" value=\"Register\" \/>\n<\/p>\n<p><script type=\"text\/javascript\">\n$j=jQuery.noConflict();\n$j(document).ready(function(){\ndatum=new Date();\ndatum_early=new Date(\"2024-06-30T23:59:59\");\n$j(\"#items input, #clen input\").click(function() {\n\tif ($j(\"#items input\").eq(0).prop(\"checked\")==true)\n\t\t\/\/ full \n\t\t{ index=0; }\n\tif ($j(\"#items input\").eq(1).prop(\"checked\")==true)\n\t\t\/\/ classic ceefs\n\t\t{ index=1; }\n\tif ($j(\"#clen input\").eq(0).prop(\"checked\")==true)\n\t\t\/\/ je clenom\n\t\t{ index+=2; }\n\tif (datum<=datum_early)\n\t\t{\n\t\t\/\/if (index==0 || index==2) {index=4;}\n\t\tif (index==0) {index=4;}\n\t\t}\n\t$j(\"#discount\").blur();\n\t$j('#poplatok option:eq('+index+')').prop('selected', true);\n\t$j('#stripe option:eq('+index+')').prop('selected', true);\n\t$j('#cena').val($j('#poplatok option:eq('+index+')').html());\n\t});\n$j(\"#discount\").blur(function(event){\n\tvar discount_encoded;\n\tvar discount=$j(\"#discount\").val();\/\/.toLowerCase();\n\tif (discount!=\"\" && (index==0 || index==2))\n\t\t{\n\t\tdiscount_encoded=window.btoa(discount);\n\t\tswitch(discount_encoded)\n\t\t\t{\n\t\t\tcase 'YmFsdGljRlIyNA==':\n\t\t\t\t$j(\"#discount-msg\").text(window.atob('QmFsdGljRlI='));\n\nindex=5;\t\t\t\t\n\t\t\t\t\t$j('#poplatok option:eq('+index+')').prop('selected', true);\n\t\t\t\t\t$j('#stripe option:eq('+index+')').prop('selected', true);\n\t\t\t\t\t$j('#cena').val($j('#poplatok option:eq('+index+')').html());\n\t\t\t\t\t\t\t\t\tbreak;\n\n\t\t\tcase 'a29hbGFDWjI0':\n\t\t\t\t$j(\"#discount-msg\").text(window.atob('S29hbGFDWg=='));\n\nindex=6;\t\t\t\t\n\t\t\t\t\t$j('#poplatok option:eq('+index+')').prop('selected', true);\n\t\t\t\t\t$j('#stripe option:eq('+index+')').prop('selected', true);\n\t\t\t\t\t$j('#cena').val($j('#poplatok option:eq('+index+')').html());\n\t\t\t\t\t\t\t\t\tbreak;\n\n\t\t\tcase 'bmV6aXNrb3ZreUNaMjQ=':\n\t\t\t\t$j(\"#discount-msg\").text(window.atob('TmV6aXNrb3ZreUNa'));\n\nindex=7;\t\t\t\t\n\t\t\t\t\t$j('#poplatok option:eq('+index+')').prop('selected', true);\n\t\t\t\t\t$j('#stripe option:eq('+index+')').prop('selected', true);\n\t\t\t\t\t$j('#cena').val($j('#poplatok option:eq('+index+')').html());\n\t\t\t\t\t\t\t\t\tbreak;\ncase 'dGVhbVNPUzI0':\n\t\t\t\t$j(\"#discount-msg\").text(window.atob('VGVhbVNPUw=='));\n\nindex=8;\t\t\t\t\n\t\t\t\t\t$j('#poplatok option:eq('+index+')').prop('selected', true);\n\t\t\t\t\t$j('#stripe option:eq('+index+')').prop('selected', true);\n\t\t\t\t\t$j('#cena').val($j('#poplatok option:eq('+index+')').html());\n\t\t\t\t\t\t\t\t\tbreak;\n\n\t\t\tdefault:\n\t\t\t\t$j(\"#discount\").val(\"\");\n\t\t\t\t$j(\"#discount-msg\").text(window.atob('SW52YWxpZCBjb2Rl'));\n\t\t\t}\n\t\t}\n\telse\n\t\t{\n\t\t$j(\"#discount-msg\").text(\"\");\n\t\t}\n\t});\n});\n<\/script>\n<\/p><div class=\"wpcf7-response-output\" aria-hidden=\"true\"><\/div>\n<\/form>\n<\/div>\n<\/p>\n","protected":false},"excerpt":{"rendered":"<p>Participation fees &nbsp; Programme Content Regular Member FULL Masterclass + CEE\u00a0Conference (16-18 October 2024) 439 \u20ac 419 \u20ac* 399 \u20ac CLASSIC CEE\u00a0Conference (17-18 October 2024) \u20ac 339 299 \u20ac * Early Bird discount till 30 June 2024 The fee for all program components includes conference materials (including presentations from the CEE Fundraising Conferences 2017-2019, 2022-2023 [&hellip;]<\/p>\n","protected":false},"author":3,"featured_media":0,"parent":0,"menu_order":0,"comment_status":"closed","ping_status":"closed","template":"","meta":{"footnotes":""},"_links":{"self":[{"href":"https:\/\/www.ceefundraising.org\/wp-json\/wp\/v2\/pages\/4208"}],"collection":[{"href":"https:\/\/www.ceefundraising.org\/wp-json\/wp\/v2\/pages"}],"about":[{"href":"https:\/\/www.ceefundraising.org\/wp-json\/wp\/v2\/types\/page"}],"author":[{"embeddable":true,"href":"https:\/\/www.ceefundraising.org\/wp-json\/wp\/v2\/users\/3"}],"replies":[{"embeddable":true,"href":"https:\/\/www.ceefundraising.org\/wp-json\/wp\/v2\/comments?post=4208"}],"version-history":[{"count":48,"href":"https:\/\/www.ceefundraising.org\/wp-json\/wp\/v2\/pages\/4208\/revisions"}],"predecessor-version":[{"id":6097,"href":"https:\/\/www.ceefundraising.org\/wp-json\/wp\/v2\/pages\/4208\/revisions\/6097"}],"wp:attachment":[{"href":"https:\/\/www.ceefundraising.org\/wp-json\/wp\/v2\/media?parent=4208"}],"curies":[{"name":"wp","href":"https:\/\/api.w.org\/{rel}","templated":true}]}}